{"id":244,"date":"2023-04-11T13:24:00","date_gmt":"2023-04-11T16:24:00","guid":{"rendered":"https:\/\/www.garciakeener.com.br\/?page_id=244"},"modified":"2024-08-22T17:18:37","modified_gmt":"2024-08-22T20:18:37","slug":"carreira","status":"publish","type":"page","link":"https:\/\/www.garciakeener.com.br\/en\/carreira\/","title":{"rendered":"Career"},"content":{"rendered":"<p>[et_pb_section fb_built=&#8221;1&#8243; _builder_version=&#8221;4.20.2&#8243; _module_preset=&#8221;default&#8221; background_image=&#8221;https:\/\/www.garciakeener.com.br\/wp-content\/uploads\/2023\/04\/Fundo-carreira-Escritorio-de-advocacia-Garcia-e-Keener-scaled.jpg&#8221; min_height=&#8221;26vw&#8221; custom_margin=&#8221;0px||0px||true|false&#8221; custom_padding=&#8221;0px||0px||true|false&#8221; custom_css_main_element=&#8221;display:flex;&#8221; global_colors_info=&#8221;{}&#8221;][et_pb_row _builder_version=&#8221;4.20.2&#8243; _module_preset=&#8221;default&#8221; width=&#8221;90%&#8221; max_width=&#8221;100%&#8221; global_colors_info=&#8221;{}&#8221;][et_pb_column type=&#8221;4_4&#8243; _builder_version=&#8221;4.20.2&#8243; _module_preset=&#8221;default&#8221; global_colors_info=&#8221;{}&#8221;][et_pb_text _builder_version=&#8221;4.20.2&#8243; _module_preset=&#8221;default&#8221; header_font=&#8221;Ibarra Real Nova||||||||&#8221; header_text_color=&#8221;#f4e9df&#8221; header_font_size=&#8221;28px&#8221; header_line_height=&#8221;35px&#8221; custom_margin=&#8221;0px||0px||false|false&#8221; custom_padding=&#8221;10px||5px|24px|false|false&#8221; border_width_left=&#8221;5px&#8221; border_color_left=&#8221;#f4e9df&#8221; global_colors_info=&#8221;{}&#8221;]<\/p>\n<h1>Career<\/h1>\n<p>[\/et_pb_text][\/et_pb_column][\/et_pb_row][\/et_pb_section][et_pb_section fb_built=&#8221;1&#8243; _builder_version=&#8221;4.20.2&#8243; _module_preset=&#8221;default&#8221; global_colors_info=&#8221;{}&#8221;][et_pb_row custom_padding_last_edited=&#8221;on|phone&#8221; _builder_version=&#8221;4.20.2&#8243; _module_preset=&#8221;default&#8221; width=&#8221;90%&#8221; max_width=&#8221;100%&#8221; custom_padding_tablet=&#8221;&#8221; custom_padding_phone=&#8221;0px||0px||true|false&#8221; global_colors_info=&#8221;{}&#8221;][et_pb_column type=&#8221;4_4&#8243; _builder_version=&#8221;4.20.2&#8243; _module_preset=&#8221;default&#8221; global_colors_info=&#8221;{}&#8221;][et_pb_text _builder_version=&#8221;4.20.2&#8243; _module_preset=&#8221;default&#8221; text_font=&#8221;Ibarra Real Nova||||||||&#8221; text_line_height=&#8221;1.4em&#8221; header_3_font=&#8221;Ibarra Real Nova|700|||||||&#8221; header_3_text_color=&#8221;#232e3a&#8221; header_3_font_size=&#8221;24px&#8221; custom_margin=&#8221;0px||0px|0px|true|false&#8221; custom_padding=&#8221;0px||45px|0px|false|false&#8221; text_font_size_tablet=&#8221;16px&#8221; text_font_size_phone=&#8221;16px&#8221; text_font_size_last_edited=&#8221;on|tablet&#8221; border_color_left=&#8221;RGBA(255,255,255,0)&#8221; global_colors_info=&#8221;{}&#8221;]<\/p>\n<h3>Work with us<\/h3>\n<p>Join the Garcia &amp; Keener Advogados team.<br \/>Leave your resume in our professional bank.<\/p>\n<p>[\/et_pb_text][et_pb_code module_id=&#8221;cf-trabalhe&#8221; _builder_version=&#8221;4.22.1&#8243; _module_preset=&#8221;default&#8221; global_colors_info=&#8221;{}&#8221;]\n<div class=\"wpcf7 no-js\" id=\"wpcf7-f2792-o1\" lang=\"pt-BR\" dir=\"ltr\">\n<div class=\"screen-reader-response\"><p role=\"status\" aria-live=\"polite\" aria-atomic=\"true\"><\/p> <ul><\/ul><\/div>\n<form action=\"\/en\/wp-json\/wp\/v2\/pages\/244#wpcf7-f2792-o1\" method=\"post\" class=\"wpcf7-form init\" aria-label=\"Formul\u00e1rios de contato\" enctype=\"multipart\/form-data\" novalidate=\"novalidate\" data-status=\"init\" data-trp-original-action=\"\/en\/wp-json\/wp\/v2\/pages\/244#wpcf7-f2792-o1\">\n<div style=\"display: none;\">\n<input type=\"hidden\" name=\"_wpcf7\" value=\"2792\" \/>\n<input type=\"hidden\" name=\"_wpcf7_version\" value=\"5.9.8\" \/>\n<input type=\"hidden\" name=\"_wpcf7_locale\" value=\"pt_BR\" \/>\n<input type=\"hidden\" name=\"_wpcf7_unit_tag\" value=\"wpcf7-f2792-o1\" \/>\n<input type=\"hidden\" name=\"_wpcf7_container_post\" value=\"0\" \/>\n<input type=\"hidden\" name=\"_wpcf7_posted_data_hash\" value=\"\" \/>\n<\/div>\n<p><span class=\"wpcf7-form-control-wrap\" data-name=\"your-name\"><input size=\"40\" maxlength=\"400\" class=\"wpcf7-form-control wpcf7-text wpcf7-validates-as-required\" id=\"fname\" autocomplete=\"name\" aria-required=\"true\" aria-invalid=\"false\" placeholder=\"Name*\" value=\"\" type=\"text\" name=\"your-name\" \/><\/span><span class=\"wpcf7-form-control-wrap\" data-name=\"your-email\"><input size=\"40\" maxlength=\"400\" class=\"wpcf7-form-control wpcf7-email wpcf7-validates-as-required wpcf7-text wpcf7-validates-as-email\" id=\"femail\" autocomplete=\"email\" aria-required=\"true\" aria-invalid=\"false\" placeholder=\"Email*\" value=\"\" type=\"email\" name=\"your-email\" \/><\/span><span class=\"wpcf7-form-control-wrap\" data-name=\"your-subject\"><input size=\"40\" maxlength=\"400\" class=\"wpcf7-form-control wpcf7-text\" id=\"fassunto\" aria-invalid=\"false\" placeholder=\"Assunto\" value=\"\" type=\"text\" name=\"your-subject\" \/><\/span><span class=\"wpcf7-form-control-wrap\" data-name=\"your-message\"><textarea cols=\"40\" rows=\"10\" maxlength=\"2000\" class=\"wpcf7-form-control wpcf7-textarea\" id=\"fmensagem\" aria-invalid=\"false\" placeholder=\"Mensagem\" name=\"your-message\"><\/textarea><\/span><span class=\"wpcf7-form-control-wrap\" data-name=\"file-526\"><input size=\"40\" class=\"wpcf7-form-control wpcf7-file wpcf7-validates-as-required\" id=\"farquivo\" accept=\".pdf,.jpg\" aria-required=\"true\" aria-invalid=\"false\" type=\"file\" name=\"file-526\" \/><\/span><input class=\"wpcf7-form-control wpcf7-submit has-spinner\" type=\"submit\" value=\"Send\" \/>\n<\/p><div class=\"wpcf7-response-output\" aria-hidden=\"true\"><\/div>\n<input type=\"hidden\" name=\"trp-form-language\" value=\"en\"\/><\/form>\n<\/div>\n[\/et_pb_code][\/et_pb_column][\/et_pb_row][\/et_pb_section]<\/p>","protected":false},"excerpt":{"rendered":"<p>CarreiraTrabalhe conosco Fa\u00e7a parte da equipe Garcia &amp; Keener Advogados.Deixe seu curr\u00edculo no nosso banco profissional.\n<div class=\"wpcf7 no-js\" id=\"wpcf7-f2792-o2\" lang=\"pt-BR\" dir=\"ltr\">\n<div class=\"screen-reader-response\"><p role=\"status\" aria-live=\"polite\" aria-atomic=\"true\"><\/p> <ul><\/ul><\/div>\n<form action=\"\/en\/wp-json\/wp\/v2\/pages\/244#wpcf7-f2792-o2\" method=\"post\" class=\"wpcf7-form init\" aria-label=\"Formul\u00e1rios de contato\" enctype=\"multipart\/form-data\" novalidate=\"novalidate\" data-status=\"init\" data-trp-original-action=\"\/en\/wp-json\/wp\/v2\/pages\/244#wpcf7-f2792-o2\">\n<div style=\"display: none;\">\n<input type=\"hidden\" name=\"_wpcf7\" value=\"2792\" \/>\n<input type=\"hidden\" name=\"_wpcf7_version\" value=\"5.9.8\" \/>\n<input type=\"hidden\" name=\"_wpcf7_locale\" value=\"pt_BR\" \/>\n<input type=\"hidden\" name=\"_wpcf7_unit_tag\" value=\"wpcf7-f2792-o2\" \/>\n<input type=\"hidden\" name=\"_wpcf7_container_post\" value=\"0\" \/>\n<input type=\"hidden\" name=\"_wpcf7_posted_data_hash\" value=\"\" \/>\n<\/div>\n<p><span class=\"wpcf7-form-control-wrap\" data-name=\"your-name\"><input size=\"40\" maxlength=\"400\" class=\"wpcf7-form-control wpcf7-text wpcf7-validates-as-required\" autocomplete=\"name\" aria-required=\"true\" aria-invalid=\"false\" placeholder=\"Name*\" value=\"\" type=\"text\" name=\"your-name\" \/><\/span><span class=\"wpcf7-form-control-wrap\" data-name=\"your-email\"><input size=\"40\" maxlength=\"400\" class=\"wpcf7-form-control wpcf7-email wpcf7-validates-as-required wpcf7-text wpcf7-validates-as-email\" autocomplete=\"email\" aria-required=\"true\" aria-invalid=\"false\" placeholder=\"Email*\" value=\"\" type=\"email\" name=\"your-email\" \/><\/span><span class=\"wpcf7-form-control-wrap\" data-name=\"your-subject\"><input size=\"40\" maxlength=\"400\" class=\"wpcf7-form-control wpcf7-text\" aria-invalid=\"false\" placeholder=\"Assunto\" value=\"\" type=\"text\" name=\"your-subject\" \/><\/span><span class=\"wpcf7-form-control-wrap\" data-name=\"your-message\"><textarea cols=\"40\" rows=\"10\" maxlength=\"2000\" class=\"wpcf7-form-control wpcf7-textarea\" aria-invalid=\"false\" placeholder=\"Mensagem\" name=\"your-message\"><\/textarea><\/span><span class=\"wpcf7-form-control-wrap\" data-name=\"file-526\"><input size=\"40\" class=\"wpcf7-form-control wpcf7-file wpcf7-validates-as-required\" accept=\".pdf,.jpg\" aria-required=\"true\" aria-invalid=\"false\" type=\"file\" name=\"file-526\" \/><\/span><input class=\"wpcf7-form-control wpcf7-submit has-spinner\" type=\"submit\" value=\"Send\" \/>\n<\/p><div class=\"wpcf7-response-output\" aria-hidden=\"true\"><\/div>\n<input type=\"hidden\" name=\"trp-form-language\" value=\"en\"\/><\/form>\n<\/div>\n<\/p>","protected":false},"author":1,"featured_media":0,"parent":0,"menu_order":0,"comment_status":"closed","ping_status":"closed","template":"","meta":{"_et_pb_use_builder":"on","_et_pb_old_content":"","_et_gb_content_width":"","inline_featured_image":false,"footnotes":""},"class_list":["post-244","page","type-page","status-publish","hentry"],"acf":[],"yoast_head":"<!-- This site is optimized with the Yoast SEO plugin v21.1 - https:\/\/yoast.com\/wordpress\/plugins\/seo\/ -->\n<title>Carreira - Garcia &amp; Keener Advogados<\/title>\n<meta name=\"robots\" content=\"index, follow, max-snippet:-1, max-image-preview:large, max-video-preview:-1\" \/>\n<link rel=\"canonical\" href=\"https:\/\/www.garciakeener.com.br\/en\/carreira\/\" \/>\n<meta property=\"og:locale\" content=\"en_US\" \/>\n<meta property=\"og:type\" content=\"article\" \/>\n<meta property=\"og:title\" content=\"Carreira - Garcia &amp; Keener Advogados\" \/>\n<meta property=\"og:description\" content=\"CarreiraTrabalhe conosco Fa\u00e7a parte da equipe Garcia &amp; Keener Advogados.Deixe seu curr\u00edculo no nosso banco profissional.\" \/>\n<meta property=\"og:url\" content=\"https:\/\/www.garciakeener.com.br\/en\/wp-json\/wp\/v2\/pages\/244\" \/>\n<meta property=\"og:site_name\" content=\"Garcia &amp; Keener Advogados\" \/>\n<meta property=\"article:modified_time\" content=\"2024-08-22T20:18:37+00:00\" \/>\n<meta name=\"twitter:card\" content=\"summary_large_image\" \/>\n<meta name=\"twitter:label1\" content=\"Est. reading time\" \/>\n\t<meta name=\"twitter:data1\" content=\"2 minutes\" \/>\n<script type=\"application\/ld+json\" class=\"yoast-schema-graph\">{\"@context\":\"https:\/\/schema.org\",\"@graph\":[{\"@type\":\"WebPage\",\"@id\":\"https:\/\/www.garciakeener.com.br\/carreira\/\",\"url\":\"https:\/\/www.garciakeener.com.br\/carreira\/\",\"name\":\"Carreira - Garcia &amp; Keener Advogados\",\"isPartOf\":{\"@id\":\"https:\/\/www.garciakeener.com.br\/#website\"},\"datePublished\":\"2023-04-11T16:24:00+00:00\",\"dateModified\":\"2024-08-22T20:18:37+00:00\",\"breadcrumb\":{\"@id\":\"https:\/\/www.garciakeener.com.br\/carreira\/#breadcrumb\"},\"inLanguage\":\"en-US\",\"potentialAction\":[{\"@type\":\"ReadAction\",\"target\":[\"https:\/\/www.garciakeener.com.br\/carreira\/\"]}]},{\"@type\":\"BreadcrumbList\",\"@id\":\"https:\/\/www.garciakeener.com.br\/carreira\/#breadcrumb\",\"itemListElement\":[{\"@type\":\"ListItem\",\"position\":1,\"name\":\"In\u00edcio\",\"item\":\"https:\/\/www.garciakeener.com.br\/\"},{\"@type\":\"ListItem\",\"position\":2,\"name\":\"Carreira\"}]},{\"@type\":\"WebSite\",\"@id\":\"https:\/\/www.garciakeener.com.br\/#website\",\"url\":\"https:\/\/www.garciakeener.com.br\/\",\"name\":\"Garcia &amp; Keener Advogados\",\"description\":\"Escrit\u00f3rio de advocacia tradicional, com sede no Rio de Janeiro. Atende clientes de todo Brasil e \u00e9 pioneiro no atendimento a clientes estrangeiros no pa\u00eds.\",\"potentialAction\":[{\"@type\":\"SearchAction\",\"target\":{\"@type\":\"EntryPoint\",\"urlTemplate\":\"https:\/\/www.garciakeener.com.br\/?s={search_term_string}\"},\"query-input\":\"required name=search_term_string\"}],\"inLanguage\":\"en-US\"}]}<\/script>\n<!-- \/ Yoast SEO plugin. -->","yoast_head_json":{"title":"Carreira - Garcia &amp; Keener Advogados","robots":{"index":"index","follow":"follow","max-snippet":"max-snippet:-1","max-image-preview":"max-image-preview:large","max-video-preview":"max-video-preview:-1"},"canonical":"https:\/\/www.garciakeener.com.br\/en\/carreira\/","og_locale":"en_US","og_type":"article","og_title":"Carreira - Garcia &amp; Keener Advogados","og_description":"CarreiraTrabalhe conosco Fa\u00e7a parte da equipe Garcia &amp; Keener Advogados.Deixe seu curr\u00edculo no nosso banco profissional.","og_url":"https:\/\/www.garciakeener.com.br\/en\/wp-json\/wp\/v2\/pages\/244","og_site_name":"Garcia &amp; Keener Advogados","article_modified_time":"2024-08-22T20:18:37+00:00","twitter_card":"summary_large_image","twitter_misc":{"Est. reading time":"2 minutes"},"schema":{"@context":"https:\/\/schema.org","@graph":[{"@type":"WebPage","@id":"https:\/\/www.garciakeener.com.br\/carreira\/","url":"https:\/\/www.garciakeener.com.br\/carreira\/","name":"Carreira - Garcia &amp; Keener Advogados","isPartOf":{"@id":"https:\/\/www.garciakeener.com.br\/#website"},"datePublished":"2023-04-11T16:24:00+00:00","dateModified":"2024-08-22T20:18:37+00:00","breadcrumb":{"@id":"https:\/\/www.garciakeener.com.br\/carreira\/#breadcrumb"},"inLanguage":"en-US","potentialAction":[{"@type":"ReadAction","target":["https:\/\/www.garciakeener.com.br\/carreira\/"]}]},{"@type":"BreadcrumbList","@id":"https:\/\/www.garciakeener.com.br\/carreira\/#breadcrumb","itemListElement":[{"@type":"ListItem","position":1,"name":"In\u00edcio","item":"https:\/\/www.garciakeener.com.br\/"},{"@type":"ListItem","position":2,"name":"Carreira"}]},{"@type":"WebSite","@id":"https:\/\/www.garciakeener.com.br\/#website","url":"https:\/\/www.garciakeener.com.br\/","name":"Garcia &amp; Keener Advogados","description":"Escrit\u00f3rio de advocacia tradicional, com sede no Rio de Janeiro. Atende clientes de todo Brasil e \u00e9 pioneiro no atendimento a clientes estrangeiros no pa\u00eds.","potentialAction":[{"@type":"SearchAction","target":{"@type":"EntryPoint","urlTemplate":"https:\/\/www.garciakeener.com.br\/?s={search_term_string}"},"query-input":"required name=search_term_string"}],"inLanguage":"en-US"}]}},"_links":{"self":[{"href":"https:\/\/www.garciakeener.com.br\/en\/wp-json\/wp\/v2\/pages\/244","targetHints":{"allow":["GET"]}}],"collection":[{"href":"https:\/\/www.garciakeener.com.br\/en\/wp-json\/wp\/v2\/pages"}],"about":[{"href":"https:\/\/www.garciakeener.com.br\/en\/wp-json\/wp\/v2\/types\/page"}],"author":[{"embeddable":true,"href":"https:\/\/www.garciakeener.com.br\/en\/wp-json\/wp\/v2\/users\/1"}],"replies":[{"embeddable":true,"href":"https:\/\/www.garciakeener.com.br\/en\/wp-json\/wp\/v2\/comments?post=244"}],"version-history":[{"count":9,"href":"https:\/\/www.garciakeener.com.br\/en\/wp-json\/wp\/v2\/pages\/244\/revisions"}],"predecessor-version":[{"id":2873,"href":"https:\/\/www.garciakeener.com.br\/en\/wp-json\/wp\/v2\/pages\/244\/revisions\/2873"}],"wp:attachment":[{"href":"https:\/\/www.garciakeener.com.br\/en\/wp-json\/wp\/v2\/media?parent=244"}],"curies":[{"name":"wp","href":"https:\/\/api.w.org\/{rel}","templated":true}]}}