{"id":261,"date":"2023-04-11T13:55:03","date_gmt":"2023-04-11T16:55:03","guid":{"rendered":"https:\/\/www.garciakeener.com.br\/?page_id=261"},"modified":"2023-04-13T16:29:16","modified_gmt":"2023-04-13T19:29:16","slug":"noticias","status":"publish","type":"page","link":"https:\/\/www.garciakeener.com.br\/en\/noticias\/","title":{"rendered":"News"},"content":{"rendered":"<p>[et_pb_section fb_built=&#8221;1&#8243; _builder_version=&#8221;4.20.2&#8243; _module_preset=&#8221;default&#8221; background_image=&#8221;http:\/\/www.garciakeener.com.br\/wp-content\/uploads\/2023\/04\/Fundo-noticias-Escritorio-de-advocacia-Garcia-e-Keener-scaled.jpg&#8221; min_height=&#8221;26vw&#8221; custom_margin=&#8221;0px||0px||true|false&#8221; custom_padding=&#8221;0px||0px||true|false&#8221; custom_css_main_element=&#8221;display:flex;&#8221; global_colors_info=&#8221;{}&#8221;][et_pb_row _builder_version=&#8221;4.20.2&#8243; _module_preset=&#8221;default&#8221; width=&#8221;90%&#8221; max_width=&#8221;100%&#8221; global_colors_info=&#8221;{}&#8221;][et_pb_column type=&#8221;4_4&#8243; _builder_version=&#8221;4.20.2&#8243; _module_preset=&#8221;default&#8221; global_colors_info=&#8221;{}&#8221;][et_pb_text _builder_version=&#8221;4.20.2&#8243; _module_preset=&#8221;default&#8221; header_2_font=&#8221;Ibarra Real Nova||||||||&#8221; header_2_text_color=&#8221;#f4e9df&#8221; header_2_font_size=&#8221;28px&#8221; header_2_line_height=&#8221;35px&#8221; custom_margin=&#8221;0px||0px||false|false&#8221; custom_padding=&#8221;10px||5px|24px|false|false&#8221; border_width_left=&#8221;5px&#8221; border_color_left=&#8221;#f4e9df&#8221; global_colors_info=&#8221;{}&#8221;]<\/p>\n<h2>News<\/h2>\n<p>[\/et_pb_text][\/et_pb_column][\/et_pb_row][\/et_pb_section][et_pb_section fb_built=&#8221;1&#8243; custom_padding_last_edited=&#8221;on|tablet&#8221; _builder_version=&#8221;4.20.2&#8243; _module_preset=&#8221;default&#8221; custom_padding=&#8221;50.5px||20.5px||false|false&#8221; custom_padding_tablet=&#8221;25px||||false|false&#8221; custom_padding_phone=&#8221;25px||||false|false&#8221; global_colors_info=&#8221;{}&#8221;][et_pb_row _builder_version=&#8221;4.20.2&#8243; _module_preset=&#8221;default&#8221; width=&#8221;90%&#8221; max_width=&#8221;100%&#8221; custom_padding=&#8221;0px||||false|false&#8221; global_colors_info=&#8221;{}&#8221;][et_pb_column type=&#8221;4_4&#8243; _builder_version=&#8221;4.20.2&#8243; _module_preset=&#8221;default&#8221; global_colors_info=&#8221;{}&#8221;][et_pb_de_mach_archive_loop post_type_choose=&#8221;off|on|off|off|off|off|off|off&#8221; loop_layout=&#8221;331&#8243; no_posts_layout_text=&#8221;Desculpe, n\u00e3o h\u00e1 not\u00edcias para mostrar nesse momento.&#8221; is_main_loop=&#8221;off&#8221; posts_number=&#8221;3&#8243; order_asc_desc=&#8221;DESC&#8221; equal_height=&#8221;off&#8221; columns=&#8221;2&#8243; module_id=&#8221;destaques&#8221; _builder_version=&#8221;4.20.2&#8243; _module_preset=&#8221;default&#8221; global_colors_info=&#8221;{}&#8221;][\/et_pb_de_mach_archive_loop][\/et_pb_column][\/et_pb_row][et_pb_row use_custom_gutter=&#8221;on&#8221; gutter_width=&#8221;4&#8243; _builder_version=&#8221;4.20.2&#8243; _module_preset=&#8221;default&#8221; width=&#8221;90%&#8221; max_width=&#8221;100%&#8221; custom_margin=&#8221;0px||0px||true|false&#8221; custom_padding=&#8221;0px||0px||false|false&#8221; global_colors_info=&#8221;{}&#8221;][et_pb_column type=&#8221;4_4&#8243; _builder_version=&#8221;4.20.2&#8243; _module_preset=&#8221;default&#8221; custom_padding=&#8221;0px||0px||false|false&#8221; global_colors_info=&#8221;{}&#8221;][et_pb_divider color=&#8221;#8b9da0&#8243; _builder_version=&#8221;4.20.2&#8243; _module_preset=&#8221;default&#8221; custom_margin=&#8221;0px||0px||true|false&#8221; custom_padding=&#8221;0px||0px||true|false&#8221; global_colors_info=&#8221;{}&#8221;][\/et_pb_divider][\/et_pb_column][\/et_pb_row][\/et_pb_section][et_pb_section fb_built=&#8221;1&#8243; _builder_version=&#8221;4.20.2&#8243; _module_preset=&#8221;default&#8221; custom_margin=&#8221;0px||0px||true|false&#8221; custom_padding=&#8221;0px||0px||true|false&#8221; global_colors_info=&#8221;{}&#8221;][et_pb_row column_structure=&#8221;1_3,2_3&#8243; use_custom_gutter=&#8221;on&#8221; gutter_width=&#8221;4&#8243; _builder_version=&#8221;4.20.2&#8243; _module_preset=&#8221;default&#8221; width=&#8221;90%&#8221; max_width=&#8221;100%&#8221; custom_margin=&#8221;0px||0px||true|false&#8221; custom_padding=&#8221;15px|3%|130px||false|false&#8221; global_colors_info=&#8221;{}&#8221;][et_pb_column type=&#8221;1_3&#8243; _builder_version=&#8221;4.20.2&#8243; _module_preset=&#8221;default&#8221; custom_padding=&#8221;0px||||false|false&#8221; global_colors_info=&#8221;{}&#8221;][et_pb_text _builder_version=&#8221;4.20.2&#8243; _module_preset=&#8221;default&#8221; header_3_font=&#8221;Ibarra Real Nova||||||||&#8221; header_3_text_color=&#8221;#232e3a&#8221; header_3_line_height=&#8221;22px&#8221; custom_margin=&#8221;0px||0px||true|false&#8221; custom_padding=&#8221;45px|25px|31px|25px|false|true&#8221; border_color_bottom=&#8221;#8b9da0&#8243; global_colors_info=&#8221;{}&#8221; border_width_bottom=&#8221;1px&#8221; link_option_url=&#8221;\/categoria\/alerta-juridico\/&#8221; hover_enabled=&#8221;0&#8243; sticky_enabled=&#8221;0&#8243;]<\/p>\n<h3>Alerta Jur\u00eddico<\/h3>\n<p>[\/et_pb_text][et_pb_text _builder_version=&#8221;4.20.2&#8243; _module_preset=&#8221;default&#8221; header_3_font=&#8221;Ibarra Real Nova||||||||&#8221; header_3_text_color=&#8221;#232e3a&#8221; header_3_line_height=&#8221;22px&#8221; custom_margin=&#8221;0px||0px||true|false&#8221; custom_padding=&#8221;45px|25px|31px|25px|false|true&#8221; hover_enabled=&#8221;0&#8243; border_width_bottom=&#8221;1px&#8221; border_color_bottom=&#8221;#8b9da0&#8243; global_colors_info=&#8221;{}&#8221; link_option_url=&#8221;\/categoria\/clipping\/&#8221; sticky_enabled=&#8221;0&#8243;]<\/p>\n<h3>Clipping<\/h3>\n<p>[\/et_pb_text][et_pb_text _builder_version=&#8221;4.20.2&#8243; _module_preset=&#8221;default&#8221; header_3_font=&#8221;Ibarra Real Nova||||||||&#8221; header_3_text_color=&#8221;#232e3a&#8221; header_3_line_height=&#8221;22px&#8221; custom_margin=&#8221;0px||0px||true|false&#8221; custom_padding=&#8221;45px|25px|31px|25px|false|true&#8221; hover_enabled=&#8221;0&#8243; border_width_bottom=&#8221;1px&#8221; border_color_bottom=&#8221;#8b9da0&#8243; global_colors_info=&#8221;{}&#8221; link_option_url=&#8221;\/categoria\/eventos-e-seminarios\/&#8221; sticky_enabled=&#8221;0&#8243;]<\/p>\n<h3>Eventos e Semin\u00e1rios<\/h3>\n<p>[\/et_pb_text][\/et_pb_column][et_pb_column type=&#8221;2_3&#8243; _builder_version=&#8221;4.20.2&#8243; _module_preset=&#8221;default&#8221; global_colors_info=&#8221;{}&#8221;][et_pb_de_mach_archive_loop post_type_choose=&#8221;off|on|off|off|off|off|off|off&#8221; loop_layout=&#8221;411&#8243; no_posts_layout_text=&#8221;Desculpe, n\u00e3o h\u00e1 not\u00edcias para mostrar nesse momento.&#8221; posts_number=&#8221;5&#8243; post_offset=&#8221;3&#8243; order_asc_desc=&#8221;DESC&#8221; enable_loadmore=&#8221;pagination&#8221; scrollto=&#8221;off&#8221; link_whole_gird=&#8221;on&#8221; equal_height=&#8221;on&#8221; columns=&#8221;1&#8243; columns_tablet=&#8221;1&#8243; custom_gutter_width=&#8221;on&#8221; gutter_row_gap=&#8221;20px&#8221; gutter_row_column=&#8221;20px&#8221; module_id=&#8221;feed&#8221; _builder_version=&#8221;4.20.2&#8243; _module_preset=&#8221;default&#8221; global_colors_info=&#8221;{}&#8221;][\/et_pb_de_mach_archive_loop][\/et_pb_column][\/et_pb_row][\/et_pb_section]<\/p>","protected":false},"excerpt":{"rendered":"<p>Not\u00edciasAlerta Jur\u00eddicoClippingEventos e Semin\u00e1rios<\/p>","protected":false},"author":1,"featured_media":0,"parent":0,"menu_order":0,"comment_status":"closed","ping_status":"closed","template":"","meta":{"_et_pb_use_builder":"on","_et_pb_old_content":"","_et_gb_content_width":"","inline_featured_image":false,"footnotes":""},"class_list":["post-261","page","type-page","status-publish","hentry"],"acf":[],"yoast_head":"<!-- This site is optimized with the Yoast SEO plugin v21.1 - https:\/\/yoast.com\/wordpress\/plugins\/seo\/ -->\n<title>Not\u00edcias - Garcia &amp; Keener Advogados<\/title>\n<meta name=\"robots\" content=\"index, follow, max-snippet:-1, max-image-preview:large, max-video-preview:-1\" \/>\n<link rel=\"canonical\" href=\"https:\/\/www.garciakeener.com.br\/en\/noticias\/\" \/>\n<meta property=\"og:locale\" content=\"en_US\" \/>\n<meta property=\"og:type\" content=\"article\" \/>\n<meta property=\"og:title\" content=\"Not\u00edcias - Garcia &amp; Keener Advogados\" \/>\n<meta property=\"og:description\" content=\"Not\u00edciasAlerta Jur\u00eddicoClippingEventos e Semin\u00e1rios\" \/>\n<meta property=\"og:url\" content=\"https:\/\/www.garciakeener.com.br\/en\/wp-json\/wp\/v2\/pages\/261\" \/>\n<meta property=\"og:site_name\" content=\"Garcia &amp; Keener Advogados\" \/>\n<meta property=\"article:modified_time\" content=\"2023-04-13T19:29:16+00:00\" \/>\n<meta name=\"twitter:card\" content=\"summary_large_image\" \/>\n<meta name=\"twitter:label1\" content=\"Est. reading time\" \/>\n\t<meta name=\"twitter:data1\" content=\"4 minutes\" \/>\n<script type=\"application\/ld+json\" class=\"yoast-schema-graph\">{\"@context\":\"https:\/\/schema.org\",\"@graph\":[{\"@type\":\"WebPage\",\"@id\":\"https:\/\/www.garciakeener.com.br\/noticias\/\",\"url\":\"https:\/\/www.garciakeener.com.br\/noticias\/\",\"name\":\"Not\u00edcias - Garcia &amp; Keener Advogados\",\"isPartOf\":{\"@id\":\"https:\/\/www.garciakeener.com.br\/#website\"},\"datePublished\":\"2023-04-11T16:55:03+00:00\",\"dateModified\":\"2023-04-13T19:29:16+00:00\",\"breadcrumb\":{\"@id\":\"https:\/\/www.garciakeener.com.br\/noticias\/#breadcrumb\"},\"inLanguage\":\"en-US\",\"potentialAction\":[{\"@type\":\"ReadAction\",\"target\":[\"https:\/\/www.garciakeener.com.br\/noticias\/\"]}]},{\"@type\":\"BreadcrumbList\",\"@id\":\"https:\/\/www.garciakeener.com.br\/noticias\/#breadcrumb\",\"itemListElement\":[{\"@type\":\"ListItem\",\"position\":1,\"name\":\"In\u00edcio\",\"item\":\"https:\/\/www.garciakeener.com.br\/\"},{\"@type\":\"ListItem\",\"position\":2,\"name\":\"Not\u00edcias\"}]},{\"@type\":\"WebSite\",\"@id\":\"https:\/\/www.garciakeener.com.br\/#website\",\"url\":\"https:\/\/www.garciakeener.com.br\/\",\"name\":\"Garcia &amp; Keener Advogados\",\"description\":\"Escrit\u00f3rio de advocacia tradicional, com sede no Rio de Janeiro. Atende clientes de todo Brasil e \u00e9 pioneiro no atendimento a clientes estrangeiros no pa\u00eds.\",\"potentialAction\":[{\"@type\":\"SearchAction\",\"target\":{\"@type\":\"EntryPoint\",\"urlTemplate\":\"https:\/\/www.garciakeener.com.br\/?s={search_term_string}\"},\"query-input\":\"required name=search_term_string\"}],\"inLanguage\":\"en-US\"}]}<\/script>\n<!-- \/ Yoast SEO plugin. -->","yoast_head_json":{"title":"Not\u00edcias - Garcia &amp; Keener Advogados","robots":{"index":"index","follow":"follow","max-snippet":"max-snippet:-1","max-image-preview":"max-image-preview:large","max-video-preview":"max-video-preview:-1"},"canonical":"https:\/\/www.garciakeener.com.br\/en\/noticias\/","og_locale":"en_US","og_type":"article","og_title":"Not\u00edcias - Garcia &amp; Keener Advogados","og_description":"Not\u00edciasAlerta Jur\u00eddicoClippingEventos e Semin\u00e1rios","og_url":"https:\/\/www.garciakeener.com.br\/en\/wp-json\/wp\/v2\/pages\/261","og_site_name":"Garcia &amp; Keener Advogados","article_modified_time":"2023-04-13T19:29:16+00:00","twitter_card":"summary_large_image","twitter_misc":{"Est. reading time":"4 minutes"},"schema":{"@context":"https:\/\/schema.org","@graph":[{"@type":"WebPage","@id":"https:\/\/www.garciakeener.com.br\/noticias\/","url":"https:\/\/www.garciakeener.com.br\/noticias\/","name":"Not\u00edcias - Garcia &amp; Keener Advogados","isPartOf":{"@id":"https:\/\/www.garciakeener.com.br\/#website"},"datePublished":"2023-04-11T16:55:03+00:00","dateModified":"2023-04-13T19:29:16+00:00","breadcrumb":{"@id":"https:\/\/www.garciakeener.com.br\/noticias\/#breadcrumb"},"inLanguage":"en-US","potentialAction":[{"@type":"ReadAction","target":["https:\/\/www.garciakeener.com.br\/noticias\/"]}]},{"@type":"BreadcrumbList","@id":"https:\/\/www.garciakeener.com.br\/noticias\/#breadcrumb","itemListElement":[{"@type":"ListItem","position":1,"name":"In\u00edcio","item":"https:\/\/www.garciakeener.com.br\/"},{"@type":"ListItem","position":2,"name":"Not\u00edcias"}]},{"@type":"WebSite","@id":"https:\/\/www.garciakeener.com.br\/#website","url":"https:\/\/www.garciakeener.com.br\/","name":"Garcia &amp; Keener Advogados","description":"Escrit\u00f3rio de advocacia tradicional, com sede no Rio de Janeiro. Atende clientes de todo Brasil e \u00e9 pioneiro no atendimento a clientes estrangeiros no pa\u00eds.","potentialAction":[{"@type":"SearchAction","target":{"@type":"EntryPoint","urlTemplate":"https:\/\/www.garciakeener.com.br\/?s={search_term_string}"},"query-input":"required name=search_term_string"}],"inLanguage":"en-US"}]}},"_links":{"self":[{"href":"https:\/\/www.garciakeener.com.br\/en\/wp-json\/wp\/v2\/pages\/261","targetHints":{"allow":["GET"]}}],"collection":[{"href":"https:\/\/www.garciakeener.com.br\/en\/wp-json\/wp\/v2\/pages"}],"about":[{"href":"https:\/\/www.garciakeener.com.br\/en\/wp-json\/wp\/v2\/types\/page"}],"author":[{"embeddable":true,"href":"https:\/\/www.garciakeener.com.br\/en\/wp-json\/wp\/v2\/users\/1"}],"replies":[{"embeddable":true,"href":"https:\/\/www.garciakeener.com.br\/en\/wp-json\/wp\/v2\/comments?post=261"}],"version-history":[{"count":25,"href":"https:\/\/www.garciakeener.com.br\/en\/wp-json\/wp\/v2\/pages\/261\/revisions"}],"predecessor-version":[{"id":653,"href":"https:\/\/www.garciakeener.com.br\/en\/wp-json\/wp\/v2\/pages\/261\/revisions\/653"}],"wp:attachment":[{"href":"https:\/\/www.garciakeener.com.br\/en\/wp-json\/wp\/v2\/media?parent=261"}],"curies":[{"name":"wp","href":"https:\/\/api.w.org\/{rel}","templated":true}]}}