{"id":958,"date":"2023-04-15T19:55:14","date_gmt":"2023-04-15T22:55:14","guid":{"rendered":"https:\/\/www.garciakeener.com.br\/?page_id=958"},"modified":"2023-05-15T15:08:36","modified_gmt":"2023-05-15T18:08:36","slug":"governanca-coorporativa-e-compliance","status":"publish","type":"page","link":"https:\/\/www.garciakeener.com.br\/en\/governanca-coorporativa-e-compliance\/","title":{"rendered":"Corporate Governance and Compliance"},"content":{"rendered":"<p>[et_pb_section fb_built=&#8221;1&#8243; _builder_version=&#8221;4.20.2&#8243; _module_preset=&#8221;default&#8221; background_image=&#8221;http:\/\/www.garciakeener.com.br\/wp-content\/uploads\/2023\/03\/Fundo-areas-de-atuacao-Escritorio-de-advocacia-Garcia-e-Keener-scaled.jpg&#8221; min_height=&#8221;26vw&#8221; custom_margin=&#8221;0px||0px||true|false&#8221; custom_padding=&#8221;0px||0px||true|false&#8221; custom_css_main_element=&#8221;display:flex;&#8221; global_colors_info=&#8221;{}&#8221;][et_pb_row _builder_version=&#8221;4.20.2&#8243; _module_preset=&#8221;default&#8221; width=&#8221;90%&#8221; max_width=&#8221;100%&#8221; global_colors_info=&#8221;{}&#8221;][et_pb_column type=&#8221;4_4&#8243; _builder_version=&#8221;4.20.2&#8243; _module_preset=&#8221;default&#8221; global_colors_info=&#8221;{}&#8221;][et_pb_text _builder_version=&#8221;4.20.2&#8243; _module_preset=&#8221;default&#8221; header_2_font=&#8221;Ibarra Real Nova||||||||&#8221; header_2_text_color=&#8221;#f4e9df&#8221; header_2_font_size=&#8221;28px&#8221; header_2_line_height=&#8221;35px&#8221; custom_margin=&#8221;0px||0px||false|false&#8221; custom_padding=&#8221;10px||5px|24px|false|false&#8221; border_width_left=&#8221;5px&#8221; border_color_left=&#8221;#f4e9df&#8221; global_colors_info=&#8221;{}&#8221;]<\/p>\n<h2>Practice Areas<\/h2>\n<p>[\/et_pb_text][\/et_pb_column][\/et_pb_row][\/et_pb_section][et_pb_section fb_built=&#8221;1&#8243; _builder_version=&#8221;4.20.2&#8243; _module_preset=&#8221;default&#8221; custom_margin=&#8221;0px||0px||true|false&#8221; custom_padding=&#8221;0px||0px||true|false&#8221; global_colors_info=&#8221;{}&#8221;][et_pb_row column_structure=&#8221;1_3,2_3&#8243; use_custom_gutter=&#8221;on&#8221; gutter_width=&#8221;4&#8243; _builder_version=&#8221;4.20.2&#8243; _module_preset=&#8221;default&#8221; width=&#8221;90%&#8221; max_width=&#8221;100%&#8221; custom_margin=&#8221;0px||0px||true|false&#8221; custom_padding=&#8221;75px|3%|130px||false|false&#8221; global_colors_info=&#8221;{}&#8221;][et_pb_column type=&#8221;1_3&#8243; disabled_on=&#8221;on|off|off&#8221; _builder_version=&#8221;4.20.2&#8243; _module_preset=&#8221;default&#8221; global_colors_info=&#8221;{}&#8221;][et_pb_text _builder_version=&#8221;4.20.2&#8243; _module_preset=&#8221;default&#8221; text_text_color=&#8221;#232e3a&#8221; header_font=&#8221;Ibarra Real Nova||||||||&#8221; header_text_color=&#8221;#f4e9df&#8221; header_font_size=&#8221;28px&#8221; header_line_height=&#8221;35px&#8221; header_2_font=&#8221;Ibarra Real Nova||||||||&#8221; header_2_text_color=&#8221;#8a5034&#8243; header_2_font_size=&#8221;24px&#8221; header_2_line_height=&#8221;30px&#8221; background_color=&#8221;RGBA(255,255,255,0)&#8221; custom_margin=&#8221;0px||0px||false|false&#8221; custom_padding=&#8221;20px|36px|10px|36px|false|true&#8221; border_width_left=&#8221;5px&#8221; border_color_left=&#8221;#8a5034&#8243; global_colors_info=&#8221;{}&#8221;]<\/p>\n<h2>Practice Areas<\/h2>\n<p>[\/et_pb_text][et_pb_text _builder_version=&#8221;4.20.2&#8243; _module_preset=&#8221;default&#8221; header_3_font=&#8221;Ibarra Real Nova||||||||&#8221; header_3_text_color=&#8221;#232e3a&#8221; header_3_line_height=&#8221;22px&#8221; background_color=&#8221;RGBA(255,255,255,0)&#8221; custom_margin=&#8221;24px||0px||false|false&#8221; custom_padding=&#8221;31px|25px|24px|25px|false|true&#8221; link_option_url=&#8221;https:\/\/www.garciakeener.com.br\/propriedade-intelectual-direitos-autorais-e-entretenimento\/&#8221; border_width_bottom=&#8221;1px&#8221; border_color_bottom=&#8221;#8b9da0&#8243; global_colors_info=&#8221;{}&#8221;]<\/p>\n<h3>Intellectual Property, Copyrights and Entertainment<\/h3>\n<p>[\/et_pb_text][et_pb_text _builder_version=&#8221;4.20.2&#8243; _module_preset=&#8221;default&#8221; header_3_font=&#8221;Ibarra Real Nova||||||||&#8221; header_3_text_color=&#8221;#232e3a&#8221; header_3_line_height=&#8221;22px&#8221; custom_margin=&#8221;0px||0px||true|false&#8221; custom_padding=&#8221;45px|25px|31px|25px|false|true&#8221; link_option_url=&#8221;https:\/\/www.garciakeener.com.br\/investimento-estrangeiro-e-mercado-de-capitais\/&#8221; border_width_bottom=&#8221;1px&#8221; border_color_bottom=&#8221;#8b9da0&#8243; global_colors_info=&#8221;{}&#8221;]<\/p>\n<h3>Foreign Investment and Capital Market<\/h3>\n<p>[\/et_pb_text][et_pb_text _builder_version=&#8221;4.20.2&#8243; _module_preset=&#8221;default&#8221; header_3_font=&#8221;Ibarra Real Nova||||||||&#8221; header_3_text_color=&#8221;#232e3a&#8221; header_3_line_height=&#8221;22px&#8221; custom_margin=&#8221;0px||0px||true|false&#8221; custom_padding=&#8221;45px|25px|31px|25px|false|true&#8221; link_option_url=&#8221;https:\/\/www.garciakeener.com.br\/livre-concorrencia-e-defesa-economica\/&#8221; border_width_bottom=&#8221;1px&#8221; border_color_bottom=&#8221;#8b9da0&#8243; global_colors_info=&#8221;{}&#8221;]<\/p>\n<h3>Free Competition and Economic Defense<\/h3>\n<p>[\/et_pb_text][et_pb_text _builder_version=&#8221;4.20.2&#8243; _module_preset=&#8221;default&#8221; header_3_font=&#8221;Ibarra Real Nova||||||||&#8221; header_3_text_color=&#8221;#232e3a&#8221; header_3_line_height=&#8221;22px&#8221; custom_margin=&#8221;0px||0px||true|false&#8221; custom_padding=&#8221;45px|25px|31px|25px|false|true&#8221; link_option_url=&#8221;https:\/\/www.garciakeener.com.br\/fusoes-e-aquisicoes\/&#8221; border_width_bottom=&#8221;1px&#8221; border_color_bottom=&#8221;#8b9da0&#8243; global_colors_info=&#8221;{}&#8221;]<\/p>\n<h3>Mergers and Acquisitions<\/h3>\n<p>[\/et_pb_text][et_pb_text _builder_version=&#8221;4.20.2&#8243; _module_preset=&#8221;default&#8221; header_3_font=&#8221;Ibarra Real Nova||||||||&#8221; header_3_text_color=&#8221;#232e3a&#8221; header_3_line_height=&#8221;22px&#8221; custom_margin=&#8221;0px||0px||true|false&#8221; custom_padding=&#8221;45px|25px|31px|25px|false|true&#8221; link_option_url=&#8221;https:\/\/www.garciakeener.com.br\/assessoria-empresarial\/&#8221; border_width_bottom=&#8221;1px&#8221; border_color_bottom=&#8221;#8b9da0&#8243; global_colors_info=&#8221;{}&#8221;]<\/p>\n<h3>Business Advisory<\/h3>\n<p>[\/et_pb_text][et_pb_text _builder_version=&#8221;4.20.2&#8243; _module_preset=&#8221;default&#8221; header_3_font=&#8221;Ibarra Real Nova||||||||&#8221; header_3_text_color=&#8221;#232e3a&#8221; header_3_line_height=&#8221;22px&#8221; custom_margin=&#8221;0px||0px||true|false&#8221; custom_padding=&#8221;45px|25px|31px|25px|false|true&#8221; link_option_url=&#8221;https:\/\/www.garciakeener.com.br\/planejamento-patrimonial-e-sucessorio\/&#8221; border_width_bottom=&#8221;1px&#8221; border_color_bottom=&#8221;#8b9da0&#8243; global_colors_info=&#8221;{}&#8221;]<\/p>\n<h3>Wealth and Succession Planning<\/h3>\n<p>[\/et_pb_text][et_pb_text _builder_version=&#8221;4.20.2&#8243; _module_preset=&#8221;default&#8221; header_3_font=&#8221;Ibarra Real Nova||||||||&#8221; header_3_text_color=&#8221;#232e3a&#8221; header_3_line_height=&#8221;22px&#8221; custom_margin=&#8221;0px||0px||true|false&#8221; custom_padding=&#8221;45px|25px|31px|25px|false|true&#8221; link_option_url=&#8221;https:\/\/www.garciakeener.com.br\/energia-petroleo-e-gas\/&#8221; border_width_bottom=&#8221;1px&#8221; border_color_bottom=&#8221;#8b9da0&#8243; global_colors_info=&#8221;{}&#8221;]<\/p>\n<h3>Energy, Oil and Gas<\/h3>\n<p>[\/et_pb_text][et_pb_text _builder_version=&#8221;4.20.2&#8243; _module_preset=&#8221;default&#8221; header_3_font=&#8221;Ibarra Real Nova||||||||&#8221; header_3_text_color=&#8221;#232e3a&#8221; header_3_line_height=&#8221;22px&#8221; custom_margin=&#8221;0px||0px||true|false&#8221; custom_padding=&#8221;45px|25px|31px|25px|false|true&#8221; link_option_url=&#8221;https:\/\/www.garciakeener.com.br\/infraestrutura\/&#8221; border_width_bottom=&#8221;1px&#8221; border_color_bottom=&#8221;#8b9da0&#8243; global_colors_info=&#8221;{}&#8221;]<\/p>\n<h3>Infrastructure<\/h3>\n<p>[\/et_pb_text][et_pb_text _builder_version=&#8221;4.20.2&#8243; _module_preset=&#8221;default&#8221; header_3_font=&#8221;Ibarra Real Nova||||||||&#8221; header_3_text_color=&#8221;#232e3a&#8221; header_3_line_height=&#8221;22px&#8221; custom_margin=&#8221;0px||0px||true|false&#8221; custom_padding=&#8221;45px|25px|31px|25px|false|true&#8221; link_option_url=&#8221;https:\/\/www.garciakeener.com.br\/tributario\/&#8221; border_width_bottom=&#8221;1px&#8221; border_color_bottom=&#8221;#8b9da0&#8243; global_colors_info=&#8221;{}&#8221;]<\/p>\n<h3>Taxation<\/h3>\n<p>[\/et_pb_text][et_pb_text _builder_version=&#8221;4.20.2&#8243; _module_preset=&#8221;default&#8221; header_3_font=&#8221;Ibarra Real Nova||||||||&#8221; header_3_text_color=&#8221;#232e3a&#8221; header_3_line_height=&#8221;22px&#8221; custom_margin=&#8221;0px||0px||true|false&#8221; custom_padding=&#8221;45px|25px|31px|25px|false|true&#8221; link_option_url=&#8221;https:\/\/www.garciakeener.com.br\/litigios-e-conflitos\/&#8221; border_width_bottom=&#8221;1px&#8221; border_color_bottom=&#8221;#8b9da0&#8243; global_colors_info=&#8221;{}&#8221;]<\/p>\n<h3>Litigations and Disputes<\/h3>\n<p>[\/et_pb_text][et_pb_text _builder_version=&#8221;4.20.2&#8243; _module_preset=&#8221;default&#8221; header_3_font=&#8221;Ibarra Real Nova||||||||&#8221; header_3_text_color=&#8221;#232e3a&#8221; header_3_line_height=&#8221;22px&#8221; custom_margin=&#8221;0px||0px||true|false&#8221; custom_padding=&#8221;45px|25px|31px|25px|false|true&#8221; link_option_url=&#8221;https:\/\/www.garciakeener.com.br\/trabalhista\/&#8221; border_width_bottom=&#8221;1px&#8221; border_color_bottom=&#8221;#8b9da0&#8243; global_colors_info=&#8221;{}&#8221;]<\/p>\n<h3>Labor<\/h3>\n<p>[\/et_pb_text][et_pb_text _builder_version=&#8221;4.20.2&#8243; _module_preset=&#8221;default&#8221; header_3_font=&#8221;Ibarra Real Nova||||||||&#8221; header_3_text_color=&#8221;#232e3a&#8221; header_3_line_height=&#8221;22px&#8221; custom_margin=&#8221;0px||0px||true|false&#8221; custom_padding=&#8221;45px|25px|31px|25px|false|true&#8221; link_option_url=&#8221;https:\/\/www.garciakeener.com.br\/consumidor\/&#8221; border_width_bottom=&#8221;1px&#8221; border_color_bottom=&#8221;#8b9da0&#8243; global_colors_info=&#8221;{}&#8221;]<\/p>\n<h3>Consumer Law<\/h3>\n<p>[\/et_pb_text][et_pb_text _builder_version=&#8221;4.21.0&#8243; _module_preset=&#8221;default&#8221; header_3_font=&#8221;Ibarra Real Nova||||||||&#8221; header_3_text_color=&#8221;#232e3a&#8221; header_3_line_height=&#8221;22px&#8221; custom_margin=&#8221;0px||0px||true|false&#8221; custom_padding=&#8221;45px|25px|31px|25px|false|true&#8221; link_option_url=&#8221;https:\/\/www.garciakeener.com.br\/imobiliario\/&#8221; hover_enabled=&#8221;0&#8243; border_width_bottom=&#8221;1px&#8221; border_color_bottom=&#8221;#8b9da0&#8243; global_colors_info=&#8221;{}&#8221; sticky_enabled=&#8221;0&#8243;]<\/p>\n<h3>Real Estate Law<\/h3>\n<p>[\/et_pb_text][et_pb_text _builder_version=&#8221;4.20.2&#8243; _module_preset=&#8221;default&#8221; header_3_font=&#8221;Ibarra Real Nova|700|||||||&#8221; header_3_text_color=&#8221;#232e3a&#8221; header_3_line_height=&#8221;22px&#8221; background_color=&#8221;#f4e9df&#8221; custom_margin=&#8221;0px||0px||true|false&#8221; custom_padding=&#8221;45px|25px|31px|25px|false|true&#8221; link_option_url=&#8221;https:\/\/www.garciakeener.com.br\/governanca-coorporativa-e-compliance\/&#8221; border_width_bottom=&#8221;1px&#8221; border_color_bottom=&#8221;#8b9da0&#8243; global_colors_info=&#8221;{}&#8221;]<\/p>\n<h3>Corporate Governance and Compliance<\/h3>\n<p>[\/et_pb_text][\/et_pb_column][et_pb_column type=&#8221;2_3&#8243; _builder_version=&#8221;4.20.2&#8243; _module_preset=&#8221;default&#8221; global_colors_info=&#8221;{}&#8221;][et_pb_text _builder_version=&#8221;4.20.2&#8243; _module_preset=&#8221;default&#8221; text_text_color=&#8221;#232e3a&#8221; header_font=&#8221;Ibarra Real Nova||||||||&#8221; header_text_color=&#8221;#232e3a&#8221; header_font_size=&#8221;24px&#8221; header_line_height=&#8221;30px&#8221; custom_margin=&#8221;0px||0px||false|false&#8221; custom_padding=&#8221;0px||25px||false|false&#8221; border_color_left=&#8221;RGBA(255,255,255,0)&#8221; global_colors_info=&#8221;{}&#8221;]<\/p>\n<h1>Corporate Governance and Compliance<\/h1>\n<p>[\/et_pb_text][et_pb_text disabled_on=&#8221;off|off|off&#8221; _builder_version=&#8221;4.20.2&#8243; _module_preset=&#8221;default&#8221; text_font=&#8221;Ibarra Real Nova||||||||&#8221; text_font_size=&#8221;18px&#8221; text_line_height=&#8221;24px&#8221; custom_margin=&#8221;0px||0px||true|false&#8221; custom_padding=&#8221;0px||0px||true|false&#8221; global_colors_info=&#8221;{}&#8221;]<\/p>\n<p>No intuito de assessorar nossos clientes de forma completa e atenta \u00e0 regulamenta\u00e7\u00e3o dos mercados com rela\u00e7\u00e3o \u00e0 \u00e9tica corporativa, <strong>Garcia &amp; Keener<\/strong> oferece assessoria na ader\u00eancias \u00e0s leis, an\u00e1lise de riscos e elabora\u00e7\u00e3o de procedimentos de integridade nas empresas.<\/p>\n<p>[\/et_pb_text][\/et_pb_column][\/et_pb_row][\/et_pb_section]<\/p>","protected":false},"excerpt":{"rendered":"<p>\u00c1reas de Atua\u00e7\u00e3o\u00c1reas de Atua\u00e7\u00e3oPropriedade Intelectual, Direitos Autorais e EntretenimentoInvestimento Estrangeiro e Mercado de CapitaisLivre Concorr\u00eancia e Defesa Econ\u00f4micaFus\u00f5es e Aquisi\u00e7\u00f5esAssessoria EmpresarialPlanejamento Patrimonial e Sucess\u00f3rioEnergia, Petr\u00f3leo e G\u00e1sInfraestruturaTribut\u00e1rioLit\u00edgios e ConflitosTrabalhistaConsumidorImobili\u00e1rioGovernan\u00e7a Coorporativa e ComplianceGovernan\u00e7a Coorporativa e ComplianceNo intuito de assessorar nossos clientes de forma completa e atenta \u00e0 regulamenta\u00e7\u00e3o dos mercados com rela\u00e7\u00e3o \u00e0 \u00e9tica corporativa, [&hellip;]<\/p>","protected":false},"author":1,"featured_media":0,"parent":0,"menu_order":0,"comment_status":"closed","ping_status":"closed","template":"","meta":{"_et_pb_use_builder":"on","_et_pb_old_content":"","_et_gb_content_width":"","inline_featured_image":false,"footnotes":""},"class_list":["post-958","page","type-page","status-publish","hentry"],"acf":[],"yoast_head":"<!-- This site is optimized with the Yoast SEO plugin v21.1 - https:\/\/yoast.com\/wordpress\/plugins\/seo\/ -->\n<title>Governan\u00e7a Coorporativa e Compliance - Garcia &amp; Keener Advogados<\/title>\n<meta name=\"robots\" content=\"index, follow, max-snippet:-1, max-image-preview:large, max-video-preview:-1\" \/>\n<link rel=\"canonical\" href=\"https:\/\/www.garciakeener.com.br\/en\/governanca-coorporativa-e-compliance\/\" \/>\n<meta property=\"og:locale\" content=\"en_US\" \/>\n<meta property=\"og:type\" content=\"article\" \/>\n<meta property=\"og:title\" content=\"Governan\u00e7a Coorporativa e Compliance - Garcia &amp; Keener Advogados\" \/>\n<meta property=\"og:description\" content=\"\u00c1reas de Atua\u00e7\u00e3o\u00c1reas de Atua\u00e7\u00e3oPropriedade Intelectual, Direitos Autorais e EntretenimentoInvestimento Estrangeiro e Mercado de CapitaisLivre Concorr\u00eancia e Defesa Econ\u00f4micaFus\u00f5es e Aquisi\u00e7\u00f5esAssessoria EmpresarialPlanejamento Patrimonial e Sucess\u00f3rioEnergia, Petr\u00f3leo e G\u00e1sInfraestruturaTribut\u00e1rioLit\u00edgios e ConflitosTrabalhistaConsumidorImobili\u00e1rioGovernan\u00e7a Coorporativa e ComplianceGovernan\u00e7a Coorporativa e ComplianceNo intuito de assessorar nossos clientes de forma completa e atenta \u00e0 regulamenta\u00e7\u00e3o dos mercados com rela\u00e7\u00e3o \u00e0 \u00e9tica corporativa, [&hellip;]\" \/>\n<meta property=\"og:url\" content=\"https:\/\/www.garciakeener.com.br\/en\/wp-json\/wp\/v2\/pages\/958\" \/>\n<meta property=\"og:site_name\" content=\"Garcia &amp; Keener Advogados\" \/>\n<meta property=\"article:modified_time\" content=\"2023-05-15T18:08:36+00:00\" \/>\n<meta name=\"twitter:card\" content=\"summary_large_image\" \/>\n<meta name=\"twitter:label1\" content=\"Est. reading time\" \/>\n\t<meta name=\"twitter:data1\" content=\"7 minutes\" \/>\n<script type=\"application\/ld+json\" class=\"yoast-schema-graph\">{\"@context\":\"https:\/\/schema.org\",\"@graph\":[{\"@type\":\"WebPage\",\"@id\":\"https:\/\/www.garciakeener.com.br\/governanca-coorporativa-e-compliance\/\",\"url\":\"https:\/\/www.garciakeener.com.br\/governanca-coorporativa-e-compliance\/\",\"name\":\"Governan\u00e7a Coorporativa e Compliance - Garcia &amp; Keener Advogados\",\"isPartOf\":{\"@id\":\"https:\/\/www.garciakeener.com.br\/#website\"},\"datePublished\":\"2023-04-15T22:55:14+00:00\",\"dateModified\":\"2023-05-15T18:08:36+00:00\",\"breadcrumb\":{\"@id\":\"https:\/\/www.garciakeener.com.br\/governanca-coorporativa-e-compliance\/#breadcrumb\"},\"inLanguage\":\"en-US\",\"potentialAction\":[{\"@type\":\"ReadAction\",\"target\":[\"https:\/\/www.garciakeener.com.br\/governanca-coorporativa-e-compliance\/\"]}]},{\"@type\":\"BreadcrumbList\",\"@id\":\"https:\/\/www.garciakeener.com.br\/governanca-coorporativa-e-compliance\/#breadcrumb\",\"itemListElement\":[{\"@type\":\"ListItem\",\"position\":1,\"name\":\"In\u00edcio\",\"item\":\"https:\/\/www.garciakeener.com.br\/\"},{\"@type\":\"ListItem\",\"position\":2,\"name\":\"Governan\u00e7a Coorporativa e Compliance\"}]},{\"@type\":\"WebSite\",\"@id\":\"https:\/\/www.garciakeener.com.br\/#website\",\"url\":\"https:\/\/www.garciakeener.com.br\/\",\"name\":\"Garcia &amp; Keener Advogados\",\"description\":\"Escrit\u00f3rio de advocacia tradicional, com sede no Rio de Janeiro. Atende clientes de todo Brasil e \u00e9 pioneiro no atendimento a clientes estrangeiros no pa\u00eds.\",\"potentialAction\":[{\"@type\":\"SearchAction\",\"target\":{\"@type\":\"EntryPoint\",\"urlTemplate\":\"https:\/\/www.garciakeener.com.br\/?s={search_term_string}\"},\"query-input\":\"required name=search_term_string\"}],\"inLanguage\":\"en-US\"}]}<\/script>\n<!-- \/ Yoast SEO plugin. -->","yoast_head_json":{"title":"Governan\u00e7a Coorporativa e Compliance - Garcia &amp; Keener Advogados","robots":{"index":"index","follow":"follow","max-snippet":"max-snippet:-1","max-image-preview":"max-image-preview:large","max-video-preview":"max-video-preview:-1"},"canonical":"https:\/\/www.garciakeener.com.br\/en\/governanca-coorporativa-e-compliance\/","og_locale":"en_US","og_type":"article","og_title":"Governan\u00e7a Coorporativa e Compliance - Garcia &amp; Keener Advogados","og_description":"\u00c1reas de Atua\u00e7\u00e3o\u00c1reas de Atua\u00e7\u00e3oPropriedade Intelectual, Direitos Autorais e EntretenimentoInvestimento Estrangeiro e Mercado de CapitaisLivre Concorr\u00eancia e Defesa Econ\u00f4micaFus\u00f5es e Aquisi\u00e7\u00f5esAssessoria EmpresarialPlanejamento Patrimonial e Sucess\u00f3rioEnergia, Petr\u00f3leo e G\u00e1sInfraestruturaTribut\u00e1rioLit\u00edgios e ConflitosTrabalhistaConsumidorImobili\u00e1rioGovernan\u00e7a Coorporativa e ComplianceGovernan\u00e7a Coorporativa e ComplianceNo intuito de assessorar nossos clientes de forma completa e atenta \u00e0 regulamenta\u00e7\u00e3o dos mercados com rela\u00e7\u00e3o \u00e0 \u00e9tica corporativa, [&hellip;]","og_url":"https:\/\/www.garciakeener.com.br\/en\/wp-json\/wp\/v2\/pages\/958","og_site_name":"Garcia &amp; Keener Advogados","article_modified_time":"2023-05-15T18:08:36+00:00","twitter_card":"summary_large_image","twitter_misc":{"Est. reading time":"7 minutes"},"schema":{"@context":"https:\/\/schema.org","@graph":[{"@type":"WebPage","@id":"https:\/\/www.garciakeener.com.br\/governanca-coorporativa-e-compliance\/","url":"https:\/\/www.garciakeener.com.br\/governanca-coorporativa-e-compliance\/","name":"Governan\u00e7a Coorporativa e Compliance - Garcia &amp; Keener Advogados","isPartOf":{"@id":"https:\/\/www.garciakeener.com.br\/#website"},"datePublished":"2023-04-15T22:55:14+00:00","dateModified":"2023-05-15T18:08:36+00:00","breadcrumb":{"@id":"https:\/\/www.garciakeener.com.br\/governanca-coorporativa-e-compliance\/#breadcrumb"},"inLanguage":"en-US","potentialAction":[{"@type":"ReadAction","target":["https:\/\/www.garciakeener.com.br\/governanca-coorporativa-e-compliance\/"]}]},{"@type":"BreadcrumbList","@id":"https:\/\/www.garciakeener.com.br\/governanca-coorporativa-e-compliance\/#breadcrumb","itemListElement":[{"@type":"ListItem","position":1,"name":"In\u00edcio","item":"https:\/\/www.garciakeener.com.br\/"},{"@type":"ListItem","position":2,"name":"Governan\u00e7a Coorporativa e Compliance"}]},{"@type":"WebSite","@id":"https:\/\/www.garciakeener.com.br\/#website","url":"https:\/\/www.garciakeener.com.br\/","name":"Garcia &amp; Keener Advogados","description":"Escrit\u00f3rio de advocacia tradicional, com sede no Rio de Janeiro. Atende clientes de todo Brasil e \u00e9 pioneiro no atendimento a clientes estrangeiros no pa\u00eds.","potentialAction":[{"@type":"SearchAction","target":{"@type":"EntryPoint","urlTemplate":"https:\/\/www.garciakeener.com.br\/?s={search_term_string}"},"query-input":"required name=search_term_string"}],"inLanguage":"en-US"}]}},"_links":{"self":[{"href":"https:\/\/www.garciakeener.com.br\/en\/wp-json\/wp\/v2\/pages\/958","targetHints":{"allow":["GET"]}}],"collection":[{"href":"https:\/\/www.garciakeener.com.br\/en\/wp-json\/wp\/v2\/pages"}],"about":[{"href":"https:\/\/www.garciakeener.com.br\/en\/wp-json\/wp\/v2\/types\/page"}],"author":[{"embeddable":true,"href":"https:\/\/www.garciakeener.com.br\/en\/wp-json\/wp\/v2\/users\/1"}],"replies":[{"embeddable":true,"href":"https:\/\/www.garciakeener.com.br\/en\/wp-json\/wp\/v2\/comments?post=958"}],"version-history":[{"count":5,"href":"https:\/\/www.garciakeener.com.br\/en\/wp-json\/wp\/v2\/pages\/958\/revisions"}],"predecessor-version":[{"id":2549,"href":"https:\/\/www.garciakeener.com.br\/en\/wp-json\/wp\/v2\/pages\/958\/revisions\/2549"}],"wp:attachment":[{"href":"https:\/\/www.garciakeener.com.br\/en\/wp-json\/wp\/v2\/media?parent=958"}],"curies":[{"name":"wp","href":"https:\/\/api.w.org\/{rel}","templated":true}]}}